{"id":8963,"date":"2020-02-04T06:28:27","date_gmt":"2020-02-04T06:28:27","guid":{"rendered":"https:\/\/www.elegantepress.com\/custom-packaging\/"},"modified":"2024-11-04T16:48:36","modified_gmt":"2024-11-04T16:48:36","slug":"oakuotes-etiketes","status":"publish","type":"page","link":"https:\/\/www.elegantepress.com\/lt\/pakuotes-etiketes\/","title":{"rendered":"Pakuot\u0117s ir etiket\u0117s"},"content":{"rendered":"<div class=\"wpb-content-wrapper\"><p>[vc_row][vc_column][vc_custom_heading text=&#8221;Pakuot\u0117s ir etiket\u0117s&#8221; font_container=&#8221;tag:h1|text_align:center&#8221;][vc_separator el_width=&#8221;70&#8243;][\/vc_column][\/vc_row][vc_row content_placement=&#8221;middle&#8221;][vc_column width=&#8221;1\/2&#8243;][vc_column_text]<\/p>\r\n<h2>I\u0161skirtin\u0117 pakuot\u0117 \u2013 geras pirmas \u012fsp\u016bdis klientui<\/h2>\r\n<p>Galb\u016bt pie tai dar nepagalvojote, bet produkto pakuot\u0117 daro didel\u0119 \u012ftak\u0105 pirk\u0117jo sprendimui pirkti b\u016btent j\u016bs\u0173 produkt\u0105. Kartais vien pakuot\u0117 nulemia kur\u012f, i\u0161 keli\u0173 pana\u0161i\u0173 produkt\u0173, pirk\u0117jas pasirinks. Nesvarbu, ar j\u016bs\u0173 produktas yra auk\u0161tos kokyb\u0117s, pakuot\u0117 yra pirmasis dalykas, kur\u012f pasteb\u0117s j\u016bs\u0173 klientas.<\/p>\r\n<p>Kad pirk\u0117jui sudaryti teigiam\u0105 \u012fsp\u016bd\u012f, mes j\u016bs\u0173 produktui sukursime ir pagaminsime individualias d\u0117\u017eutes, pakabinamas etiketes, pakuo\u010di\u0173 \u012fd\u0117klus ar lipdukus.<\/p>\r\n<p>[\/vc_column_text][lab_button title=&#8221;Pakuo\u010di\u0173 darb\u0173 pavyzd\u017eiai&#8221; type=&#8221;standard&#8221; link=&#8221;url:https%3A%2F%2Fwww.elegantepress.com%2Flt%2Fportfolio%2Fportfolio-category%2Fpakuotes%2F|title:Check%20out%20Invitations%20Gallery&#8221;][\/vc_column][vc_column width=&#8221;1\/2&#8243;][vc_single_image image=&#8221;8486&#8243; img_size=&#8221;800&#215;717&#8243;][\/vc_column][\/vc_row][vc_row full_width=&#8221;stretch_row&#8221; gap=&#8221;10&#8243; content_placement=&#8221;middle&#8221; css=&#8221;.vc_custom_1579418297690{margin-top: 0px !important;background-position: center !important;background-repeat: no-repeat !important;background-size: cover !important;}&#8221;][vc_column width=&#8221;1\/2&#8243;][vc_single_image image=&#8221;6041&#8243; img_size=&#8221;800&#215;717&#8243;][\/vc_column][vc_column width=&#8221;1\/2&#8243; css=&#8221;.vc_custom_1527173456687{padding-top: 50px !important;padding-bottom: 50px !important;}&#8221; el_class=&#8221;inner_description&#8221;][vc_column_text]<\/p>\r\n<h2 class=\"vc_custom_heading\">Suteikite daugiau vert\u0117s savo produktui<\/h2>\r\n<p>\u0160iuo metu rinka yra labai konkurencinga ir, jei visi si\u016blo t\u0105 pat\u012f produkt\u0105, kaip padaryti, jog j\u016bs\u0173 produkto vert\u0117 skirt\u0173si\u00a0nuo kit\u0173? Pirk\u0117jas, priimdamas sprendim\u0105 pirkti, susiduria su i\u0161\u0161\u016bkiu, kur\u012f produkt\u0105 pasirinkti. Tod\u0117l verslas turi labiau pasistengti, kad potencialus klientas pirkt\u0173 b\u016btent jo produktus. Rinkdamiesi produkt\u0105 pirk\u0117jai da\u017eniausiai ie\u0161ko prid\u0117tin\u0117s vert\u0117s, o gera pakuot\u0117 b\u016btent\u00a0tai ir sukuria. I\u0161skirtin\u0117 pakuot\u0117 suteikia pirk\u0117jui pasitik\u0117jim\u0105 produktu ir jo gamintoju bei u\u017emezga\u00a0tam tikr\u0105 santyk\u012f, kuris gali t\u0119stis gana ilgai.<\/p>\r\n<p>[\/vc_column_text][\/vc_column][\/vc_row][vc_row full_width=&#8221;stretch_row&#8221; css=&#8221;.vc_custom_1527162435507{background-color: #fafafa !important;}&#8221;][vc_column][vc_empty_space height=&#8221;50px&#8221;][vc_custom_heading text=&#8221;Keletas b\u016bd\u0173 j\u016bs\u0173 produkt\u0105 paversti i\u0161skirtiniu&#8221; font_container=&#8221;tag:h2|text_align:center&#8221;][vc_empty_space][\/vc_column][\/vc_row][vc_row full_width=&#8221;stretch_row&#8221; css=&#8221;.vc_custom_1580108423897{background-color: #fafafa !important;}&#8221;][vc_column][vc_tta_tabs style=&#8221;flat&#8221; shape=&#8221;square&#8221; color=&#8221;white&#8221; spacing=&#8221;&#8221; alignment=&#8221;center&#8221; active_section=&#8221;1&#8243; el_class=&#8221;tabsai&#8221;][vc_tta_section title=&#8221;\u012ed\u0117klai&#8221; tab_id=&#8221;1492864203032-9101c34b-d9ce&#8221;][vc_column_text]<\/p>\r\n<p>Pakuo\u010di\u0173 \u012fd\u0117klai yra puikus sprendimas, kuriuo vert\u0117t\u0173 pasinaudoti ma\u017eiesiems (<em>craft)<\/em> gamintojams, prekiaujantiems internetu. Tai puikus b\u016bdas j\u016bs\u0173 produkto pristatym\u0105 pakelti \u012f auk\u0161tesn\u012f lyg\u012f. Pakuot\u0117s \u012fd\u0117klas gali ne\u0161ti ai\u0161ki\u0105 prek\u0117s \u017eenklo \u017einut\u0119, pavyzd\u017eiui pad\u0117k\u0105 pirk\u0117jui. Tai yra puikus b\u016bdas j\u016bs\u0173 \u017eenklui, pasinaudojant produkto pakuote, sukurti daugiau vert\u0117s.<\/p>\r\n<p>[\/vc_column_text][vc_single_image image=&#8221;8235&#8243; img_size=&#8221;1338&#215;500&#8243; alignment=&#8221;center&#8221;][\/vc_tta_section][vc_tta_section title=&#8221;Individuali pakuot\u0117&#8221; tab_id=&#8221;1492864852440-0b08d0b8-2281&#8243;][vc_column_text]<\/p>\r\n<p>Nors tai gali pasirodyti brangu, ypa\u010d ma\u017eoms \u012fmon\u0117ms, kokybi\u0161ka, gero dizaino pakuot\u0117 tikrai sudomins j\u016bs\u0173 klientus. Produkto pakuot\u0117 gali pad\u0117ti \u012ftikinti klient\u0105 pasirinkti j\u016bs\u0173 prek\u0117s \u017eenkl\u0105 arba paraginti juos pasidalinti savo patirtimi per socialin\u0119 \u017einiasklaid\u0105. Individualios d\u0117\u017eut\u0117s su logotipais padeda \u012fgyti konkurencin\u012f prana\u0161um\u0105. Nustokite naudoti standartines pakuotes, pakeiskite jas individualiai pagamintu \u012fpakavimu.<\/p>\r\n<p>[\/vc_column_text][vc_single_image image=&#8221;8849&#8243; img_size=&#8221;1338&#215;500&#8243;][\/vc_tta_section][vc_tta_section title=&#8221;Etiket\u0117s&#8221; tab_id=&#8221;1495462706158-e854cf0d-ea36&#8243;][vc_column_text]<\/p>\r\n<p>Preki\u0173 etiket\u0117s naudojamos daugeliui parduodam\u0173 produkt\u0173. Jose da\u017eniausiai b\u016bna ne tik produkto pavadinimas ar j\u016bs\u0173 \u012fmon\u0117s logotipas, bet ir papildoma informacij\u0105 apie tai, kaip elgtis su perkamu daiktu. Etiketes naudoja daugelis did\u017ei\u0173j\u0173 \u012fmoni\u0173, ta\u010diau jas galima pritaikyti ir ma\u017eame versle. J\u016bs\u0173 produkto etiket\u0117 yra viena i\u0161 geriausi\u0173 reklamos form\u0173. Naudodami m\u016bs\u0173 auk\u0161\u010diausios kokyb\u0117s etiketes j\u016bs\u0173 produktas tikrai\u00a0 i\u0161siskirs i\u0161 kit\u0173.<\/p>\r\n<p>[\/vc_column_text][vc_single_image image=&#8221;8645&#8243; img_size=&#8221;1338&#215;500&#8243; css_animation=&#8221;none&#8221;][\/vc_tta_section][vc_tta_section title=&#8221;Lipdukai&#8221; tab_id=&#8221;1492864202909-5ec5f3d0-73eb&#8221;][vc_column_text]<\/p>\r\n<p>U\u017eklijav\u0119 lipduk\u0105 ant produkto j\u016bs atkreipia\u00a0pirk\u0117jo d\u0117mes\u012f. Nereikia jaudintis d\u0117l pernelyg dideli\u0173 i\u0161laid\u0173, nes lipdukai n\u0117ra brang\u016bs. Pakuo\u010di\u0173 lipdukai yra geras b\u016bdas reklamuotis, nes kai atsiduria kliento rankose, lipdukas tampa j\u016bs\u0173 prek\u0117s \u017eenklo reklamuotuoju. Lipdukus papras\u010diau pritaikyti \u012fvairiose\u00a0pakavimo situacijose, nes juos galima u\u017ed\u0117ti prakti\u0161kai ant bet koki\u0173 gamini\u0173.<\/p>\r\n<p>[\/vc_column_text][vc_single_image image=&#8221;8567&#8243; img_size=&#8221;1338&#215;500&#8243; alignment=&#8221;center&#8221;][\/vc_tta_section][vc_tta_section title=&#8221;Pakabinamos etiket\u0117s&#8221; tab_id=&#8221;1580277600389-29c8401a-dee9&#8243;][vc_column_text]<\/p>\r\n<p>Pakabinamos etiket\u0117s (<em>Hang Tags<\/em>) yra tarsi vizitin\u0117 kortel\u0117 &#8211; jie teikia pirk\u0117jui svarbi\u0105 informacij\u0105 apie j\u016bs\u0173 produkt\u0105. Daugeliui ma\u017emenin\u0117s prekybos parduotuvi\u0173 b\u016btina prikabinti \u017eym\u0105 ant produkto, kad b\u016bt\u0173 galima nustatyti, kokia yra jo kaina, dydis ar rekomendacijos prie\u017ei\u016brai. Mes gaminame auk\u0161\u010diausios kokyb\u0117s pakabinamas etiketes, kurios gali b\u016bti naudojamos juvelyriniams dirbiniams, drabu\u017eiams, gro\u017eio ir kitiems produktams.<\/p>\r\n<p>[\/vc_column_text][vc_single_image image=&#8221;4193&#8243; img_size=&#8221;1338&#215;500&#8243; alignment=&#8221;center&#8221;][\/vc_tta_section][\/vc_tta_tabs][vc_empty_space][\/vc_column][\/vc_row][vc_row full_width=&#8221;stretch_row&#8221; content_placement=&#8221;middle&#8221; css=&#8221;.vc_custom_1620284659856{background-image: url(https:\/\/www.elegantepress.com\/wp-content\/uploads\/2021\/05\/universal-jewellery-box1.jpg?id=9390) !important;background-position: center !important;background-repeat: no-repeat !important;background-size: cover !important;}&#8221;][vc_column width=&#8221;1\/2&#8243; css=&#8221;.vc_custom_1527175616103{padding-top: 50px !important;padding-bottom: 50px !important;}&#8221; el_class=&#8221;inner_description&#8221;][vc_column_text]<\/p>\r\n<h2 class=\"vc_custom_heading\">Individuali pakuot\u0117, prieinama net ma\u017eam verslui<\/h2>\r\n<p>Individualios pakuot\u0117s suteikia ger\u0105 \u012fsp\u016bd\u012f, o naudodami individuali\u0105 pakuot\u0119 savo verslui, gamintojai parodo, kad jums svarbu kliento patirtis ir pasitenkinimas. Jei esate ma\u017eas verslas, bet norite Pasauliui tinkamai pristatyti savo produkt\u0105 supakuot\u0105 \u012f gra\u017ei\u0105 pakuot\u0119, pas mus galite u\u017esisakyti ma\u017e\u0105 kiek\u012f pakuo\u010di\u0173. Mums be galo malonu dirbti su ma\u017eais prek\u0117s \u017eenklais, kurie yra nauji ir original\u016bs bei siekia prisistatyti i\u0161skirtin\u0117se pakuot\u0117se. Nor\u0117dami prad\u0117ti pokalb\u012f su mumis, jums nereikia u\u017esisakyti keli\u0173 t\u016bkstan\u010di\u0173 vienet\u0173 pakuo\u010di\u0173 ar etike\u010di\u0173, mes priimame u\u017esakymus nedideliais kiekiais. Tiesiog atsi\u0173skite mums elektronin\u012f lai\u0161k\u0105 su savo id\u0117jomis ir mes jums patarsime kaip \u012fgyvendinti j\u016bs\u0173 projekt\u0105, kad j\u016bs\u0173 gaminys b\u016bt\u0173 supakuotas i\u0161skirtin\u0117s kokyb\u0117s pakuot\u0117je.<\/p>\r\n<p>[\/vc_column_text][lab_button title=&#8221;Para\u0161ykite mums&#8221; type=&#8221;standard&#8221; link=&#8221;url:https%3A%2F%2Fwww.elegantepress.com%2Flt%2Fkontaktai%2F|title:Check%20out%20Invitations%20Gallery&#8221;][\/vc_column][vc_column width=&#8221;1\/2&#8243;][\/vc_column][\/vc_row][vc_row full_width=&#8221;stretch_row&#8221; disable_element=&#8221;yes&#8221; css=&#8221;.vc_custom_1579929785811{background-color: rgba(67,138,164,0.22) !important;*background-color: rgb(67,138,164) !important;}&#8221;][vc_column][vc_toggle title=&#8221;Ask a Question&#8221; style=&#8221;text_only&#8221; size=&#8221;lg&#8221; custom_font_container=&#8221;tag:h2|text_align:center&#8221; custom_use_theme_fonts=&#8221;yes&#8221; use_custom_heading=&#8221;true&#8221;]<\/p>\r\n<p style=\"text-align: center;\"><div class=\"wpforms-container wpforms-container-full\" id=\"wpforms-7351\"><form id=\"wpforms-form-7351\" class=\"wpforms-validate wpforms-form\" data-formid=\"7351\" method=\"post\" enctype=\"multipart\/form-data\" action=\"\/lt\/wp-json\/wp\/v2\/pages\/8963\" data-token=\"798aae20892a1b71a093707128edd217\" data-token-time=\"1777913884\"><noscript class=\"wpforms-error-noscript\">Please enable JavaScript in your browser to complete this form.<\/noscript><div class=\"wpforms-field-container\"><div id=\"wpforms-7351-field_0-container\" class=\"wpforms-field wpforms-field-name\" data-field-id=\"0\"><label class=\"wpforms-field-label wpforms-label-hide\" for=\"wpforms-7351-field_0\">Name <span class=\"wpforms-required-label\">*<\/span><\/label><input type=\"text\" id=\"wpforms-7351-field_0\" class=\"wpforms-field-large wpforms-field-required\" name=\"wpforms[fields][0]\" placeholder=\"Name\" required><\/div><div id=\"wpforms-7351-field_1-container\" class=\"wpforms-field wpforms-field-email\" data-field-id=\"1\"><label class=\"wpforms-field-label wpforms-label-hide\" for=\"wpforms-7351-field_1\">Email <span class=\"wpforms-required-label\">*<\/span><\/label><input type=\"email\" id=\"wpforms-7351-field_1\" class=\"wpforms-field-large wpforms-field-required\" name=\"wpforms[fields][1]\" placeholder=\"Email\" spellcheck=\"false\" required><\/div><div id=\"wpforms-7351-field_5-container\" class=\"wpforms-field wpforms-field-text\" data-field-id=\"5\"><label class=\"wpforms-field-label wpforms-label-hide\" for=\"wpforms-7351-field_5\">Subject <span class=\"wpforms-required-label\">*<\/span><\/label><input type=\"text\" id=\"wpforms-7351-field_5\" class=\"wpforms-field-large wpforms-field-required\" name=\"wpforms[fields][5]\" placeholder=\"Subject\" required><\/div><div id=\"wpforms-7351-field_2-container\" class=\"wpforms-field wpforms-field-textarea\" data-field-id=\"2\"><label class=\"wpforms-field-label wpforms-label-hide\" for=\"wpforms-7351-field_2\">Message <span class=\"wpforms-required-label\">*<\/span><\/label><textarea id=\"wpforms-7351-field_2\" class=\"wpforms-field-medium wpforms-field-required\" name=\"wpforms[fields][2]\" placeholder=\"Write us about your project\" required><\/textarea><\/div><div id=\"wpforms-7351-field_8-container\" class=\"wpforms-field wpforms-field-gdpr-checkbox gdpr_checkbox\" data-field-id=\"8\"><label class=\"wpforms-field-label\">GDPR Agreement <span class=\"wpforms-required-label\">*<\/span><\/label><ul id=\"wpforms-7351-field_8\" class=\"wpforms-field-required\"><li class=\"choice-1\"><input type=\"checkbox\" id=\"wpforms-7351-field_8_1\" name=\"wpforms[fields][8][]\" value=\"I consent to having this website store my submitted information so they can respond to my inquiry.\" required ><label class=\"wpforms-field-label-inline\" for=\"wpforms-7351-field_8_1\">I consent to having this website store my submitted information so they can respond to my inquiry.<\/label><\/li><\/ul><\/div><\/div><!-- .wpforms-field-container --><div class=\"wpforms-field wpforms-field-hp\"><label for=\"wpforms-7351-field-hp\" class=\"wpforms-field-label\">Name<\/label><input type=\"text\" name=\"wpforms[hp]\" id=\"wpforms-7351-field-hp\" class=\"wpforms-field-medium\"><\/div><div class=\"wpforms-recaptcha-container wpforms-is-recaptcha wpforms-is-recaptcha-type-v2\" ><div class=\"g-recaptcha\" data-sitekey=\"6Leo_RYTAAAAAArmXv3yP5mPVMyWMUChwbqz4lXy\"><\/div><input type=\"text\" name=\"g-recaptcha-hidden\" class=\"wpforms-recaptcha-hidden\" style=\"position:absolute!important;clip:rect(0,0,0,0)!important;height:1px!important;width:1px!important;border:0!important;overflow:hidden!important;padding:0!important;margin:0!important;\" data-rule-recaptcha=\"1\"><\/div><div class=\"wpforms-submit-container\" ><input type=\"hidden\" name=\"wpforms[id]\" value=\"7351\"><input type=\"hidden\" name=\"page_title\" value=\"\"><input type=\"hidden\" name=\"page_url\" value=\"https:\/\/www.elegantepress.com\/lt\/wp-json\/wp\/v2\/pages\/8963\"><input type=\"hidden\" name=\"url_referer\" value=\"\"><button type=\"submit\" name=\"wpforms[submit]\" id=\"wpforms-submit-7351\" class=\"wpforms-submit\" data-alt-text=\"Sending...\" data-submit-text=\"Submit\" aria-live=\"assertive\" value=\"wpforms-submit\">Submit<\/button><\/div><\/form><\/div>  <!-- .wpforms-container --><\/p>\r\n<p>[\/vc_toggle][\/vc_column][\/vc_row]<\/p><\/div>","protected":false},"excerpt":{"rendered":"[vc_row][vc_column][vc_custom_heading text=&#8221;Pakuot\u0117s ir etiket\u0117s&#8221; font_container=&#8221;tag:h1|text_align:center&#8221;][vc_separator el_width=&#8221;70&#8243;][\/vc_column][\/vc_row][vc_row content_placement=&#8221;middle&#8221;][vc_column width=&#8221;1\/2&#8243;][vc_column_text] I\u0161skirtin\u0117 pakuot\u0117 \u2013 geras pirmas \u012fsp\u016bdis klientui Galb\u016bt pie tai dar nepagalvojote, bet produkto pakuot\u0117 daro didel\u0119 \u012ftak\u0105 pirk\u0117jo sprendimui pirkti b\u016btent j\u016bs\u0173 produkt\u0105. Kartais vien pakuot\u0117 nulemia kur\u012f, i\u0161 keli\u0173 pana\u0161i\u0173 produkt\u0173, pirk\u0117jas pasirinks. Nesvarbu, ar j\u016bs\u0173 produktas yra auk\u0161tos kokyb\u0117s, pakuot\u0117 yra pirmasis dalykas, kur\u012f&hellip;","protected":false},"author":1,"featured_media":9390,"parent":0,"menu_order":0,"comment_status":"closed","ping_status":"closed","template":"","meta":{"_acf_changed":false,"footnotes":""},"class_list":["post-8963","page","type-page","status-publish","has-post-thumbnail","hentry"],"acf":[],"_links":{"self":[{"href":"https:\/\/www.elegantepress.com\/lt\/wp-json\/wp\/v2\/pages\/8963","targetHints":{"allow":["GET"]}}],"collection":[{"href":"https:\/\/www.elegantepress.com\/lt\/wp-json\/wp\/v2\/pages"}],"about":[{"href":"https:\/\/www.elegantepress.com\/lt\/wp-json\/wp\/v2\/types\/page"}],"author":[{"embeddable":true,"href":"https:\/\/www.elegantepress.com\/lt\/wp-json\/wp\/v2\/users\/1"}],"replies":[{"embeddable":true,"href":"https:\/\/www.elegantepress.com\/lt\/wp-json\/wp\/v2\/comments?post=8963"}],"version-history":[{"count":1,"href":"https:\/\/www.elegantepress.com\/lt\/wp-json\/wp\/v2\/pages\/8963\/revisions"}],"predecessor-version":[{"id":13279,"href":"https:\/\/www.elegantepress.com\/lt\/wp-json\/wp\/v2\/pages\/8963\/revisions\/13279"}],"wp:featuredmedia":[{"embeddable":true,"href":"https:\/\/www.elegantepress.com\/lt\/wp-json\/wp\/v2\/media\/9390"}],"wp:attachment":[{"href":"https:\/\/www.elegantepress.com\/lt\/wp-json\/wp\/v2\/media?parent=8963"}],"curies":[{"name":"wp","href":"https:\/\/api.w.org\/{rel}","templated":true}]}}