{"id":7462,"date":"2018-07-07T06:25:46","date_gmt":"2018-07-07T06:25:46","guid":{"rendered":"https:\/\/www.elegantepress.com\/answers-to-your-questions\/"},"modified":"2021-06-08T08:17:29","modified_gmt":"2021-06-08T08:17:29","slug":"answers-to-your-questions","status":"publish","type":"page","link":"https:\/\/www.elegantepress.com\/lt\/duk\/","title":{"rendered":"Atsakymai \u012f da\u017enaisuiai u\u017eduodamus klausimus"},"content":{"rendered":"<div class=\"wpb-content-wrapper\"><p>[vc_row][vc_column][vc_custom_heading text=&#8221;Atsakymai \u012f da\u017eniausiai u\u017eduodamus klausimus&#8221; font_container=&#8221;tag:h1|font_size:48px|text_align:center&#8221; use_theme_fonts=&#8221;yes&#8221;][vc_empty_space height=&#8221;60&#8243;][\/vc_column][\/vc_row][vc_section][vc_row][vc_column width=&#8221;1\/2&#8243;][vc_column_text el_class=&#8221;faq_question&#8221;]<\/p>\r\n<p>Ar gal\u0117\u010diau pamatyti spaudos pavyzd\u017eius?<\/p>\r\n<p>[\/vc_column_text][\/vc_column][vc_column width=&#8221;1\/2&#8243;][vc_column_text]<\/p>\r\n<p><span style=\"font-size: 14pt;\">M\u016bs\u0173 studijoje galite pamatyti tikrai daug \u012fvairi\u0173 pavyzd\u017ei\u0173, bet jei negalite atvykti, o prie\u0161 u\u017esakant nor\u0117tum\u0117te pamatyti spaudos kokyb\u0119 bei paliesti popieri\u0173, geriausias b\u016bdas yra u\u017esisakyti m\u016bs\u0173 <strong><a href=\"https:\/\/www.elegantepress.com\/samples\/\">pavyzd\u017ei\u0173 pakuot\u0119<\/a><\/strong>, kuri\u0105 i\u0161si\u0173sime Jums pa\u0161tu.<\/span><\/p>\r\n<p>[\/vc_column_text][\/vc_column][\/vc_row][vc_row][vc_column][vc_separator el_width=&#8221;70&#8243;][\/vc_column][\/vc_row][\/vc_section][vc_section][vc_row][vc_column width=&#8221;1\/2&#8243;][vc_column_text el_class=&#8221;faq_question&#8221;]<\/p>\r\n<p>Kiek man tai kainuos?<\/p>\r\n<p>[\/vc_column_text][\/vc_column][vc_column width=&#8221;1\/2&#8243;][vc_column_text]<\/p>\r\n<p><span style=\"font-size: 14pt;\">Visi u\u017esakymai, kuriuos gaminame, yra labai individual\u016bs ir mes neturime universalaus kainininko. Kitaip nei skaitmenin\u0117je spaudoje, kiekvieno letterpress projekto kain\u0105 labai \u012ftakoja kiekiai, naudojamos med\u017eiagos bei spausdinam\u0173 spalv\u0173 skai\u010dius. Tod\u0117l jei norite su\u017einoti tiksli\u0105 savo projekto kain\u0105 papras\u010diausia b\u016bt\u0173 <a href=\"https:\/\/www.elegantepress.com\/lt\/kontaktai\/\"><strong>para\u0161yti mums lai\u0161k\u0105<\/strong><\/a> su projekto detal\u0117mis, mes paskai\u010diuosime kain\u0105 ir j\u0105 i\u0161si\u0173sime jums elektroniniu pa\u0161tu.<\/span><\/p>\r\n<p>[\/vc_column_text][\/vc_column][\/vc_row][vc_row][vc_column][vc_separator el_width=&#8221;70&#8243;][\/vc_column][\/vc_row][\/vc_section][vc_section][vc_row][vc_column width=&#8221;1\/2&#8243;][vc_column_text el_class=&#8221;faq_question&#8221;]<\/p>\r\n<p>Kiek tai u\u017etruks?<\/p>\r\n<p>[\/vc_column_text][\/vc_column][vc_column width=&#8221;1\/2&#8243;][vc_column_text]<\/p>\r\n<p><span style=\"font-size: 14pt;\">M\u016bs\u0173 naudojami spaudos b\u016bdai reikalauja daug rank\u0173 darbo ir kruop\u0161taus paruo\u0161imo, o tam reikalingas atitnkamas laikas. \u00a0<\/span><\/p>\r\n<p><span style=\"font-size: 14pt;\">Mes \u012fsipareigojame atspausdinti j\u016bs\u0173 u\u017esakym\u0105 per 12 darbo dien\u0173 nuo maketo patvirtinimo ir pilno apmok\u0117jimo dienos. <\/span><br \/>\r\n<span style=\"font-size: 14pt;\">Jei jums reikia skubiau mes galime sutrumpinti terminus u\u017e papildom\u0105 mokest\u012f: +20% jei per 7 darbo dienas ir +40% jei per 4 darbo dienas.\u00a0<\/span><\/p>\r\n<p>[\/vc_column_text][\/vc_column][\/vc_row][vc_row][vc_column][vc_separator el_width=&#8221;70&#8243;][\/vc_column][\/vc_row][\/vc_section][vc_section][vc_row][vc_column width=&#8221;1\/2&#8243;][vc_column_text el_class=&#8221;faq_question&#8221;]<\/p>\r\n<p>Ar galite atspausdinti mano dizain\u0105?<\/p>\r\n<p>[\/vc_column_text][\/vc_column][vc_column width=&#8221;1\/2&#8243;][vc_column_text]<\/p>\r\n<p><span style=\"font-size: 14pt;\">Tikrai galime!<\/span><\/p>\r\n<p><span style=\"font-size: 14pt;\"><strong><a href=\"mailto:hello@elegantepress.com\" rel=\"\">Atsi\u0173skite<\/a><\/strong> mums savo maket\u0105 bei reikalavimus jam, su planuojamais spausdinti kiekiais, ir mes jums paskai\u010diuosime s\u0105mat\u0105. Jei turite klausim\u0173 apie technologines galimybes, para\u0161ykite ir mes mielai pakonsultuosime kaip padaryti, kad j\u016bs\u0173 projekto rezultatas b\u016bt\u0173 kuo \u012fsp\u016bdingesnis.<\/span><\/p>\r\n<p>&nbsp;<\/p>\r\n<p>[\/vc_column_text][\/vc_column][\/vc_row][vc_row][vc_column][vc_separator el_width=&#8221;70&#8243;][\/vc_column][\/vc_row][\/vc_section][vc_section][vc_row][vc_column width=&#8221;1\/2&#8243;][vc_column_text el_class=&#8221;faq_question&#8221;]<\/p>\r\n<p>K\u0105 daryti jei neturiu dizaino?<\/p>\r\n<p>[\/vc_column_text][\/vc_column][vc_column width=&#8221;1\/2&#8243;][vc_column_text]<\/p>\r\n<p><span style=\"font-size: 14pt;\">Joki\u0173 problem\u0173! Mes sukursime dizain\u0105 j\u016bs\u0173 vizitinei kortelei, vestuvi\u0173 kvietimui ar kitam projektui, ir tai padarysime nemokamai!<\/span><\/p>\r\n<p><span style=\"font-size: 14pt;\">Jei u\u017esakysite pas mus spaud\u0105, Jums nemokamai bus atlikti vizitin\u0117s kortel\u0117s dizaino darbai, kuriuos sudaro 2 kompozicijos ir 1 derinimo etapas. Visi papildomi dizaino pakeitim\u0173 bei derinimo darbai kainuos 30 EUR u\u017e valand\u0105.Vizitini\u0173 korteli\u0173 dizaino kompozicijas padarome savaites b\u0117gyje. <strong><a href=\"https:\/\/www.elegantepress.com\/lt\/uzsakyti-paprasta\/\">Daugiau<\/a><a href=\"https:\/\/www.elegantepress.com\/lt\/uzsakyti-paprasta\/\"> informacijos apie u\u017esakym\u0105 ir s\u0105lygas galite rasti \u010dia<\/a><\/strong>.<\/span><\/p>\r\n<p>&nbsp;<\/p>\r\n<p>[\/vc_column_text][\/vc_column][\/vc_row][vc_row][vc_column][vc_separator el_width=&#8221;70&#8243;][\/vc_column][\/vc_row][\/vc_section][vc_section][vc_row][vc_column width=&#8221;1\/2&#8243;][vc_column_text el_class=&#8221;faq_question&#8221;]<\/p>\r\n<p>Ar galite mano u\u017esakym\u0105 pristatyti ne Lietuvoje?<\/p>\r\n<p>[\/vc_column_text][\/vc_column][vc_column width=&#8221;1\/2&#8243;][vc_column_text]<\/p>\r\n<p><span style=\"font-size: 14pt;\">Mes siun\u010diame \u012f vis\u0105 Pasaul\u012f!<\/span><\/p>\r\n<p><span style=\"font-size: 14pt;\">Galime pasi\u016blyti kelis tarptautinio pristatymo b\u016bdus. Jei norite su\u017einoti pristatymo terminus bei kainas nepamir\u0161kite mums para\u0161yti \u012f koki\u0105 \u0161al\u012f u\u017esakymas tur\u0117t\u0173 b\u016bti i\u0161si\u0173stas. <\/span><\/p>\r\n<p>[\/vc_column_text][\/vc_column][\/vc_row][vc_row][vc_column][vc_separator el_width=&#8221;70&#8243;][\/vc_column][\/vc_row][\/vc_section][vc_row][vc_column][vc_btn title=&#8221;VIS DAR TURITE KLAUSIM\u0172? PARA\u0160YKITE MUMS!&#8221; color=&#8221;peacoc&#8221; size=&#8221;lg&#8221; align=&#8221;center&#8221; link=&#8221;url:https%3A%2F%2Fwww.elegantepress.com%2Flt%2Fkontaktai%2F|||&#8221;][\/vc_column][\/vc_row]<\/p><\/div>","protected":false},"excerpt":{"rendered":"[vc_row][vc_column][vc_custom_heading text=&#8221;Atsakymai \u012f da\u017eniausiai u\u017eduodamus klausimus&#8221; font_container=&#8221;tag:h1|font_size:48px|text_align:center&#8221; use_theme_fonts=&#8221;yes&#8221;][vc_empty_space height=&#8221;60&#8243;][\/vc_column][\/vc_row][vc_section][vc_row][vc_column width=&#8221;1\/2&#8243;][vc_column_text el_class=&#8221;faq_question&#8221;] Ar gal\u0117\u010diau pamatyti spaudos pavyzd\u017eius? [\/vc_column_text][\/vc_column][vc_column width=&#8221;1\/2&#8243;][vc_column_text] M\u016bs\u0173 studijoje galite pamatyti tikrai daug \u012fvairi\u0173 pavyzd\u017ei\u0173, bet jei negalite atvykti, o prie\u0161 u\u017esakant nor\u0117tum\u0117te pamatyti spaudos kokyb\u0119 bei paliesti popieri\u0173, geriausias b\u016bdas yra u\u017esisakyti m\u016bs\u0173 pavyzd\u017ei\u0173 pakuot\u0119, kuri\u0105 i\u0161si\u0173sime Jums pa\u0161tu. [\/vc_column_text][\/vc_column][\/vc_row][vc_row][vc_column][vc_separator el_width=&#8221;70&#8243;][\/vc_column][\/vc_row][\/vc_section][vc_section][vc_row][vc_column width=&#8221;1\/2&#8243;][vc_column_text el_class=&#8221;faq_question&#8221;]&hellip;","protected":false},"author":1,"featured_media":1664,"parent":0,"menu_order":0,"comment_status":"closed","ping_status":"closed","template":"","meta":{"_acf_changed":false,"footnotes":""},"class_list":["post-7462","page","type-page","status-publish","has-post-thumbnail","hentry"],"acf":[],"_links":{"self":[{"href":"https:\/\/www.elegantepress.com\/lt\/wp-json\/wp\/v2\/pages\/7462","targetHints":{"allow":["GET"]}}],"collection":[{"href":"https:\/\/www.elegantepress.com\/lt\/wp-json\/wp\/v2\/pages"}],"about":[{"href":"https:\/\/www.elegantepress.com\/lt\/wp-json\/wp\/v2\/types\/page"}],"author":[{"embeddable":true,"href":"https:\/\/www.elegantepress.com\/lt\/wp-json\/wp\/v2\/users\/1"}],"replies":[{"embeddable":true,"href":"https:\/\/www.elegantepress.com\/lt\/wp-json\/wp\/v2\/comments?post=7462"}],"version-history":[{"count":0,"href":"https:\/\/www.elegantepress.com\/lt\/wp-json\/wp\/v2\/pages\/7462\/revisions"}],"wp:featuredmedia":[{"embeddable":true,"href":"https:\/\/www.elegantepress.com\/lt\/wp-json\/wp\/v2\/media\/1664"}],"wp:attachment":[{"href":"https:\/\/www.elegantepress.com\/lt\/wp-json\/wp\/v2\/media?parent=7462"}],"curies":[{"name":"wp","href":"https:\/\/api.w.org\/{rel}","templated":true}]}}