{"id":1470,"date":"2010-01-22T17:22:56","date_gmt":"2010-01-22T17:22:56","guid":{"rendered":"https:\/\/www.elegantepress.com\/lt\/?page_id=1470"},"modified":"2024-10-02T10:55:39","modified_gmt":"2024-10-02T10:55:39","slug":"apie-mus","status":"publish","type":"page","link":"https:\/\/www.elegantepress.com\/lt\/apie-mus\/","title":{"rendered":"Apie mus"},"content":{"rendered":"<div class=\"wpb-content-wrapper\"><p>[vc_row][vc_column][vc_column_text]<\/p>\r\n<div style=\"padding: 56.25% 0 0 0; position: relative;\"><iframe style=\"position: absolute; top: 0; left: 0; width: 100%; height: 100%;\" title=\"Elegante Press production video.\" src=\"https:\/\/player.vimeo.com\/video\/580800177?h=1d6096585a&amp;badge=0&amp;autopause=0&amp;player_id=0&amp;app_id=58479&amp;portrait=0&amp;byline=0&amp;loop=1\" frameborder=\"0\" allowfullscreen=\"allowfullscreen\"><\/iframe><\/div>\r\n<p><script src=\"https:\/\/player.vimeo.com\/api\/player.js\"><\/script><\/p>\r\n<h3>Kas mes tokie<\/h3>\r\n<p>Mes esame dizaino ir auk\u0161tosios spaudos studija. Mes labai m\u0117gstame tai k\u0105 \u012fmanoma pagaminti sujungus rank\u0173 darb\u0105, antikinius spaudos b\u016bdus, nuostab\u0173 popieri\u0173 ir rankiniu b\u016bdu mai\u0161omus da\u017eus. Mes tikime, kad \u0161is meno ir sen\u0173j\u0173 technologij\u0173 derinys suteikia ne\u012fkainojam\u0105 tobulo eleganti\u0161kumo vert\u0119 spaudiniams, kurie d\u017eiugins J\u016bs\u0173 ak\u012f ir siel\u0105.<\/p>\r\n<h3>Elegante Press studija<\/h3>\r\n<p>M\u016bs\u0173 studija, tai keletas labai sen\u0173 \u201eheavy metal\u201c pres\u0173, kuri\u0173 am\u017eius siekia 100 met\u0173, kr\u016bvos nuostabaus popieriaus ir daug savo darb\u0105 suprantan\u010di\u0173 bei mylin\u010di\u0173 rank\u0173.<\/p>\r\n<h3>Elegante Press produktai<\/h3>\r\n<p>Mes spausdiname nuo individualiai sukurt\u0173 <a href=\"https:\/\/www.elegantepress.com\/lt\/letterpress-vizitines-korteles\/\">i\u0161skirtini\u0173 vizitini\u0173 korteli\u0173<\/a> iki \u012fsp\u016bding\u0173 biznio pristatym\u0173. Mes esame didel\u0119 patirt\u012f dizaino srityje turinti studija, taip pat mielai bendradarbiaujame su \u012fvairiais dizaineriais. Kiekvienas m\u016bs\u0173 produktas yra rank\u0173 darbo, gaminamas i\u0161 100 % medviln\u0117s popieriaus ir augalinio aliejaus pagrindu pagamint\u0173 da\u017e\u0173, tod\u0117l gaminiai yra ne tik eleganti\u0161kai atrodantys, bet ir ekologi\u0161ki.[\/vc_column_text][vc_row_inner][vc_column_inner][vc_column_text]<\/p>\r\n<h3>M\u016bs\u0173 galimyb\u0117s:<\/h3>\r\n<p>[\/vc_column_text][\/vc_column_inner][vc_column_inner width=&#8221;1\/3&#8243;][vc_column_text]<\/p>\r\n<ul>\r\n\t<li>Giliaspaud\u0117 (Letterpress)<\/li>\r\n\t<li>Folijavimas<\/li>\r\n\t<li>\u0160ilkografija<\/li>\r\n\t<li>\u012espaudas (Debossing)<\/li>\r\n\t<li>Kongrevas (Embossing)<\/li>\r\n<\/ul>\r\n<p>[\/vc_column_text][\/vc_column_inner][vc_column_inner width=&#8221;1\/3&#8243;][vc_column_text]<\/p>\r\n<ul>\r\n\t<li>Kirtimas<\/li>\r\n\t<li>Ka\u0161iravimas (Duplexing)<\/li>\r\n\t<li>Kra\u0161to da\u017eymas<\/li>\r\n\t<li>Kra\u0161to folijavimas<\/li>\r\n\t<li>Perforavimas<\/li>\r\n<\/ul>\r\n<p>[\/vc_column_text][\/vc_column_inner][vc_column_inner width=&#8221;1\/3&#8243;][vc_column_text]<\/p>\r\n<ul>\r\n\t<li>Kamp\u0173 apvalinimas<\/li>\r\n\t<li>Bigavimas<\/li>\r\n\t<li>Skyli\u0173 gr\u0119\u017eimas<\/li>\r\n<\/ul>\r\n<p>[\/vc_column_text][\/vc_column_inner][\/vc_row_inner][\/vc_column][\/vc_row][vc_row][vc_column][vc_empty_space][vc_text_separator title=&#8221;Kaip u\u017esakovai atsiliepia apie mus&#8221; border_width=&#8221;2&#8243;][\/vc_column][\/vc_row][vc_row][vc_column width=&#8221;1\/2&#8243;][vc_column_text]<\/p>\r\n<p style=\"text-align: center;\"><!-- Testimonial Generated Shortcode ID 8361 --><div class=\"bne-testimonial-wrapper testimonial-badge google-badge  testimonial-badge-api fancy clearfix\" style=\"max-width:800px;\"><div itemscope itemtype=\"http:\/\/schema.org\/Service\"><meta itemprop=\"name\" content=\"Elegante Press\" \/><img decoding=\"async\" itemprop=\"image\" src=\"https:\/\/www.elegantepress.com\/wp-content\/plugins\/bne-testimonials-pro\/assets\/images\/branding-google-badge.png\" class=\"badge-image alignleft\" alt=\"Elegante Press\" width=\"50px\"\/><span class=\"badge-title\">Elegante Press<\/span><div itemprop=\"aggregateRating\" itemscope itemtype=\"http:\/\/schema.org\/AggregateRating\"><div class=\"testimonial-rating badge-rating rating-5\"><span class=\"bne-icon-star-filled bne-stars\" style=\"color:#E7711C;\"><\/span><span class=\"bne-icon-star-filled bne-stars\" style=\"color:#E7711C;\"><\/span><span class=\"bne-icon-star-filled bne-stars\" style=\"color:#E7711C;\"><\/span><span class=\"bne-icon-star-filled bne-stars\" style=\"color:#E7711C;\"><\/span><span class=\"bne-icon-star-filled bne-stars\" style=\"color:#E7711C;\"><\/span><\/div><!-- .testimonial-rating (end) --><div class=\"badge-text\"><span itemprop=\"ratingValue\" class=\"badge-average\">5<\/span> Stars - Based on <a href=\"https:\/\/maps.google.com\/?cid=10106311733669570917\" class=\"badge-link\" title=\"User Reviews\" target=\"_blank\" rel=\"noopener\"><span itemprop=\"reviewCount\" class=\"badge-total\">26<\/span> User Reviews<\/a><\/div><!-- .badge-text (end) --><\/div><!-- .aggregateRating (end) --><\/div><!-- .rating-schema (end) --><\/div><!-- .testimonial-badge (end) --><\/p>\r\n<p>[\/vc_column_text][\/vc_column][vc_column width=&#8221;1\/2&#8243;][vc_column_text]<\/p>\r\n<p style=\"text-align: center;\"><div class=\"bne-testimonial-wrapper testimonial-badge facebook-badge  fancy clearfix\" style=\"max-width:400px;\"><div><img decoding=\"async\" src=\"https:\/\/www.elegantepress.com\/wp-content\/plugins\/bne-testimonials-pro\/assets\/images\/branding-facebook-badge.png\" class=\"badge-image alignleft\" alt=\"Elegante Press\" width=\"50px\"\/><span class=\"badge-title\">Facebook Rating<\/span><div><div class=\"testimonial-rating badge-rating rating-5\"><span class=\"bne-icon-star-filled bne-stars\" style=\"color:#4080FF;\"><\/span><span class=\"bne-icon-star-filled bne-stars\" style=\"color:#4080FF;\"><\/span><span class=\"bne-icon-star-filled bne-stars\" style=\"color:#4080FF;\"><\/span><span class=\"bne-icon-star-filled bne-stars\" style=\"color:#4080FF;\"><\/span><span class=\"bne-icon-star-filled bne-stars\" style=\"color:#4080FF;\"><\/span><\/div><!-- .testimonial-rating (end) --><div class=\"badge-text\"><span class=\"badge-average\">5<\/span> Stars - Based on <a href=\"http:\/\/www.facebook.com\/elegantepress\" class=\"badge-link\" title=\"User Reviews\" target=\"_blank\" rel=\"noopener\"><span class=\"badge-total\">51<\/span> User Reviews<\/a><\/div><!-- .badge-text (end) --><\/div><!-- .aggregateRating (end) --><\/div><!-- .rating-schema (end) --><\/div><!-- .testimonial-badge (end) --><\/p>\r\n<p>[\/vc_column_text][\/vc_column][\/vc_row]<\/p><\/div>","protected":false},"excerpt":{"rendered":"[vc_row][vc_column][vc_column_text] Kas mes tokie Mes esame dizaino ir auk\u0161tosios spaudos studija. Mes labai m\u0117gstame tai k\u0105 \u012fmanoma pagaminti sujungus rank\u0173 darb\u0105, antikinius spaudos b\u016bdus, nuostab\u0173 popieri\u0173 ir rankiniu b\u016bdu mai\u0161omus da\u017eus. Mes tikime, kad \u0161is meno ir sen\u0173j\u0173 technologij\u0173 derinys suteikia ne\u012fkainojam\u0105 tobulo eleganti\u0161kumo vert\u0119 spaudiniams, kurie d\u017eiugins J\u016bs\u0173 ak\u012f ir siel\u0105. Elegante Press studija&hellip;","protected":false},"author":1,"featured_media":4299,"parent":0,"menu_order":0,"comment_status":"closed","ping_status":"closed","template":"","meta":{"_acf_changed":false,"footnotes":""},"class_list":["post-1470","page","type-page","status-publish","has-post-thumbnail","hentry"],"acf":[],"_links":{"self":[{"href":"https:\/\/www.elegantepress.com\/lt\/wp-json\/wp\/v2\/pages\/1470","targetHints":{"allow":["GET"]}}],"collection":[{"href":"https:\/\/www.elegantepress.com\/lt\/wp-json\/wp\/v2\/pages"}],"about":[{"href":"https:\/\/www.elegantepress.com\/lt\/wp-json\/wp\/v2\/types\/page"}],"author":[{"embeddable":true,"href":"https:\/\/www.elegantepress.com\/lt\/wp-json\/wp\/v2\/users\/1"}],"replies":[{"embeddable":true,"href":"https:\/\/www.elegantepress.com\/lt\/wp-json\/wp\/v2\/comments?post=1470"}],"version-history":[{"count":4,"href":"https:\/\/www.elegantepress.com\/lt\/wp-json\/wp\/v2\/pages\/1470\/revisions"}],"predecessor-version":[{"id":13202,"href":"https:\/\/www.elegantepress.com\/lt\/wp-json\/wp\/v2\/pages\/1470\/revisions\/13202"}],"wp:featuredmedia":[{"embeddable":true,"href":"https:\/\/www.elegantepress.com\/lt\/wp-json\/wp\/v2\/media\/4299"}],"wp:attachment":[{"href":"https:\/\/www.elegantepress.com\/lt\/wp-json\/wp\/v2\/media?parent=1470"}],"curies":[{"name":"wp","href":"https:\/\/api.w.org\/{rel}","templated":true}]}}