{"id":1452,"date":"2009-10-11T14:00:54","date_gmt":"2009-10-11T14:00:54","guid":{"rendered":"https:\/\/www.elegantepress.com\/lt\/?page_id=1452"},"modified":"2026-02-23T06:59:47","modified_gmt":"2026-02-23T06:59:47","slug":"uzsakyti-paprasta","status":"publish","type":"page","link":"https:\/\/www.elegantepress.com\/lt\/uzsakyti-paprasta\/","title":{"rendered":"U\u017esakyti paprasta"},"content":{"rendered":"<div class=\"wpb-content-wrapper\"><p>[vc_row][vc_column][vc_single_image source=&#8221;external_link&#8221; custom_src=&#8221;https:\/\/www.elegantepress.com\/wp-content\/uploads\/home\/how-to-order-letterpress.jpg&#8221;][\/vc_column][\/vc_row][vc_row][vc_column width=&#8221;1\/2&#8243;][vc_column_text]<\/p>\r\n<h3>1. Pasisemiate \u012fkv\u0117pimo ir sukuriate savo vizij\u0105<\/h3>\r\n<p>Per\u017ei\u016br\u0117j\u0119 Elegante Press <a href=\"https:\/\/www.elegantepress.com\/lt\/portfolio\/\">darb\u0173 galerij\u0105<\/a> ir paskait\u0119 apie <a href=\"https:\/\/www.elegantepress.com\/lt\/medziagos\/\">med\u017eiagas<\/a>. Be to, tur\u0117tum\u0117te \u017einoti, kad mes esame labai lankst\u016bs pildant specialius spaudos ar pakavimo sprendimus, mes esame pasireng\u0119 surasti neeilines med\u017eiagas, kad j\u016bs\u0173 norai tapt\u0173 realybe. Elegante Press j\u016bs\u0173 unikalioms id\u0117joms gali suteikti gyvyb\u0119. Jei nor\u0117site pamatyti ir paliesti tai k\u0105 mes darome galite\u00a0<a href=\"https:\/\/www.elegantepress.com\/product\/business-cards-sample-pack\/\">u\u017esisakyti pavyzd\u012f<\/a> ir mes j\u012f su malonumu jums i\u0161si\u0173sime.<\/p>\r\n<h3>2. Su\u017einote kain\u0105 ir gaukite nemokam\u0105 dizain\u0105<\/h3>\r\n<p>Jei turite klausim\u0173, pra\u0161om nesivar\u017eyti \u2013 para\u0161ykite mums <strong><a href=\"mailto:hello@elegantepress.com\">el. pa\u0161tu<\/a><\/strong> ar paskambinkite ir mes jums paskai\u010diuosime samat\u0105.<\/p>\r\n<blockquote>\r\n<p>Jei u\u017esakysite pas mus spaud\u0105, Jums nemokamai bus atlikti dizaino darbai, kuriuos sudaro: vizitinei kortelei &#8211; 2 kompozicijos ir 1 derinimo etapas, kvietimui &#8211; 1 kompozicija ir 1 derinimo etapas. Visi papildomi dizaino pakeitim\u0173 bei derinimo darbai kainuos 30 EUR u\u017e valand\u0105. Dizainos kompozicijas paruo\u0161ime savait\u0117s b\u0117gyje.<\/p>\r\n<\/blockquote>\r\n<h3>\u00a0<\/h3>\r\n<p>[\/vc_column_text][\/vc_column][vc_column width=&#8221;1\/2&#8243;][vc_column_text css=&#8221;&#8221;]<\/p>\r\n<h3>3. Pateikiate u\u017esakym\u0105<\/h3>\r\n<p>Mes u\u017eklausiame 50 EUR u\u017estato (kuris n\u0117ra gr\u0105\u017einamas) ir pradedame rinkti informacij\u0105 j\u016bs\u0173 u\u017esakymui. Kai sumokate u\u017estat\u0105 mes pradedame kurti j\u016bs\u0173 spaudos gaminio dizain\u0105.<\/p>\r\n<h3>4. Patvirtinate u\u017esakym\u0105<\/h3>\r\n<p>Elektroniniu pa\u0161tu suderiname dizaino maketus. Kai gauname maket\u0173 patvirtinim\u0105 mums reikalingas pilnas (i\u0161minusavus u\u017estat\u0105) apmok\u0117jimas ir jau tuomet mes pradedame spausdinti.<\/p>\r\n<h3>5. Atsipalaiduojate ir nusiteikiate kai kam \u012fsp\u016bdingo<\/h3>\r\n<p>Mes \u012fsipareigojame atspausdinti per 14 darbo dien\u0173 nuo maketo patvirtinimo dienos. Jei jums reikia skubiau mes galime sutrumpinti terminus u\u017e papildom\u0105 mokest\u012f: +20% jei per9 darbo dienas ir +40% jei per 5 darbo dienas.<\/p>\r\n<p>[\/vc_column_text][\/vc_column][\/vc_row]<\/p><\/div>","protected":false},"excerpt":{"rendered":"[vc_row][vc_column][vc_single_image source=&#8221;external_link&#8221; custom_src=&#8221;https:\/\/www.elegantepress.com\/wp-content\/uploads\/home\/how-to-order-letterpress.jpg&#8221;][\/vc_column][\/vc_row][vc_row][vc_column width=&#8221;1\/2&#8243;][vc_column_text] 1. Pasisemiate \u012fkv\u0117pimo ir sukuriate savo vizij\u0105 Per\u017ei\u016br\u0117j\u0119 Elegante Press darb\u0173 galerij\u0105 ir paskait\u0119 apie med\u017eiagas. Be to, tur\u0117tum\u0117te \u017einoti, kad mes esame labai lankst\u016bs pildant specialius spaudos ar pakavimo sprendimus, mes esame pasireng\u0119 surasti neeilines med\u017eiagas, kad j\u016bs\u0173 norai tapt\u0173 realybe. Elegante Press j\u016bs\u0173 unikalioms id\u0117joms gali suteikti gyvyb\u0119. Jei&hellip;","protected":false},"author":1,"featured_media":4303,"parent":0,"menu_order":0,"comment_status":"closed","ping_status":"closed","template":"","meta":{"_acf_changed":false,"footnotes":""},"class_list":["post-1452","page","type-page","status-publish","has-post-thumbnail","hentry"],"acf":[],"_links":{"self":[{"href":"https:\/\/www.elegantepress.com\/lt\/wp-json\/wp\/v2\/pages\/1452","targetHints":{"allow":["GET"]}}],"collection":[{"href":"https:\/\/www.elegantepress.com\/lt\/wp-json\/wp\/v2\/pages"}],"about":[{"href":"https:\/\/www.elegantepress.com\/lt\/wp-json\/wp\/v2\/types\/page"}],"author":[{"embeddable":true,"href":"https:\/\/www.elegantepress.com\/lt\/wp-json\/wp\/v2\/users\/1"}],"replies":[{"embeddable":true,"href":"https:\/\/www.elegantepress.com\/lt\/wp-json\/wp\/v2\/comments?post=1452"}],"version-history":[{"count":1,"href":"https:\/\/www.elegantepress.com\/lt\/wp-json\/wp\/v2\/pages\/1452\/revisions"}],"predecessor-version":[{"id":13755,"href":"https:\/\/www.elegantepress.com\/lt\/wp-json\/wp\/v2\/pages\/1452\/revisions\/13755"}],"wp:featuredmedia":[{"embeddable":true,"href":"https:\/\/www.elegantepress.com\/lt\/wp-json\/wp\/v2\/media\/4303"}],"wp:attachment":[{"href":"https:\/\/www.elegantepress.com\/lt\/wp-json\/wp\/v2\/media?parent=1452"}],"curies":[{"name":"wp","href":"https:\/\/api.w.org\/{rel}","templated":true}]}}