{"id":1442,"date":"2010-02-03T12:56:23","date_gmt":"2010-02-03T12:56:23","guid":{"rendered":"https:\/\/www.elegantepress.com\/lt\/?page_id=1442"},"modified":"2023-04-22T05:44:19","modified_gmt":"2023-04-22T05:44:19","slug":"kaip-paruosti-dizaina-spaudai","status":"publish","type":"page","link":"https:\/\/www.elegantepress.com\/lt\/kaip-paruosti-dizaina-spaudai\/","title":{"rendered":"Kaip paruo\u0161ti dizain\u0105 spaudai"},"content":{"rendered":"<div class=\"wpb-content-wrapper\"><p>[vc_row][vc_column][vc_single_image source=&#8221;external_link&#8221; custom_src=&#8221;https:\/\/www.elegantepress.com\/wp-content\/uploads\/why\/how_to_prepare_a_design-1.jpg&#8221;][\/vc_column][\/vc_row][vc_row][vc_column width=&#8221;1\/2&#8243;][vc_column_text]<\/p>\r\n<h3>Fail\u0173 tipai<\/h3>\r\n<p>Tur\u0117tum si\u0173sti vektorinius &#8220;press-ready&#8221; PDF failus (su embedintais fonatais). Mes taip pat priimame Adobe Illustrator ar Indesign failus. Mes <strong>nepriimame Publisher, Word ar Corel fail\u0173<\/strong>.<\/p>\r\n<h3>Spalvos<\/h3>\r\n<p>Nenaudok daug spalv\u0173 savo dizaine, \u0161i spauda pasi\u017eymi subtiliu solidumu, tod\u0117l geriausiai atrodo kai spaud\u017eiama 2-3 spalvos. Dizainas tur\u0117t\u0173 b\u016bti paruo\u0161tas naudojant tik Pantone spalvas. Spalvas parinkite naudodami gamyklin\u0119 Pantone palet\u0119 nes daugelio Pantone spalv\u0173 kompiuterio monitorius tiesiog negali atvaizduoti teisingai.<\/p>\r\n<h3>Maketas<\/h3>\r\n<p>Visi teksto elementai turi b\u016bti sukreivinti. Nenaudokite labai plon\u0173 linij\u0173, linijos turi b\u016bti ma\u017eiausiai 0.25\u00a0pt storio, o ta\u0161kas &#8211; 1 pt dyd\u017eio. Visos kirtimo linijos turi b\u016bti pa\u017eym\u0117tos 100% magenta linija. Jei ruo\u0161iate dizain\u0105, kur bus spausdinama ant abiej\u0173 lapo pusi\u0173 b\u016btinai paskaitykite m\u016bs\u0173 patarimus <strong><a href=\"https:\/\/www.elegantepress.com\/wp-content\/uploads\/pdf\/double_sided_design_guidelines_letterpress.pdf\" target=\"_blank\" rel=\"noopener\">kaip paruo\u0161ti dizain\u0105 dvipusei spaudai<\/a><\/strong>.<\/p>\r\n<p>[\/vc_column_text][\/vc_column][vc_column width=&#8221;1\/2&#8243;][vc_column_text]<\/p>\r\n<h3>Dideli plotai dengti viena spalva (flood)<\/h3>\r\n<p>Letterpress spaudoje didelis padengimo ploto dydis b\u016bt\u0173 nuo 3\u00a0kvadratini\u0173 centimetr\u0173\u00a0ploto. Letterpress b\u016bdu spausdinti <em>floodai<\/em> atrodo kitaip nei tai b\u016bt\u0173 padaryta offset ar \u0161ilkografijos b\u016bdu. Popieriaus tekst\u016bra linkusi persi\u0161viesti pro letterpress da\u017eus ir tai suteikia netolygaus padengimo vaizd\u0105. Norint kuo tolygiau padengti letterpress <em>flood\u0105<\/em>\u00a0reikia naudoti kuo didesn\u012f \u012fspaud\u0105. Nuo didelio spaudimo\u00a0popieriuje atsiranda \u012ftempimai ir, ypa\u010d plonesnis popierius, susilanksto (susibanguoja).<\/p>\r\n<p>Dideliems <em>floodams<\/em> mes visada rekomenduojame naudoti \u0161ilkografijos spaud\u0105 kaip <a href=\"https:\/\/www.elegantepress.com\/lt\/portfolio\/letterpres-ir-silkografija-spausdinta-vizitine-kortele\/\">\u0161iame pavyzdyje<\/a>.<\/p>\r\n<h3>Rastrai<\/h3>\r\n<p>Jei nedirbate su vektorin\u0117mis programomis tai \u2013 ne b\u0117da. Mes galime dirbti su rastriniais TIFF failais, kuri\u0173 rezoliucija tur\u0117t\u0173 b\u016bti 900 dpi ir didesn\u0117. Be to, kiekviena spalva turi b\u016bti sukonvertuota \u012f juodai balt\u0105 rastr\u0105 (black and white bitmap) ir negali b\u016bti joki\u0173 pilk\u0173 atspalvi\u0173.[\/vc_column_text][\/vc_column][\/vc_row]<\/p><\/div>","protected":false},"excerpt":{"rendered":"[vc_row][vc_column][vc_single_image source=&#8221;external_link&#8221; custom_src=&#8221;https:\/\/www.elegantepress.com\/wp-content\/uploads\/why\/how_to_prepare_a_design-1.jpg&#8221;][\/vc_column][\/vc_row][vc_row][vc_column width=&#8221;1\/2&#8243;][vc_column_text] Fail\u0173 tipai Tur\u0117tum si\u0173sti vektorinius &#8220;press-ready&#8221; PDF failus (su embedintais fonatais). Mes taip pat priimame Adobe Illustrator ar Indesign failus. Mes nepriimame Publisher, Word ar Corel fail\u0173. Spalvos Nenaudok daug spalv\u0173 savo dizaine, \u0161i spauda pasi\u017eymi subtiliu solidumu, tod\u0117l geriausiai atrodo kai spaud\u017eiama 2-3 spalvos. Dizainas tur\u0117t\u0173 b\u016bti paruo\u0161tas naudojant tik&hellip;","protected":false},"author":1,"featured_media":4301,"parent":0,"menu_order":0,"comment_status":"closed","ping_status":"closed","template":"","meta":{"_acf_changed":false,"footnotes":""},"class_list":["post-1442","page","type-page","status-publish","has-post-thumbnail","hentry"],"acf":[],"_links":{"self":[{"href":"https:\/\/www.elegantepress.com\/lt\/wp-json\/wp\/v2\/pages\/1442","targetHints":{"allow":["GET"]}}],"collection":[{"href":"https:\/\/www.elegantepress.com\/lt\/wp-json\/wp\/v2\/pages"}],"about":[{"href":"https:\/\/www.elegantepress.com\/lt\/wp-json\/wp\/v2\/types\/page"}],"author":[{"embeddable":true,"href":"https:\/\/www.elegantepress.com\/lt\/wp-json\/wp\/v2\/users\/1"}],"replies":[{"embeddable":true,"href":"https:\/\/www.elegantepress.com\/lt\/wp-json\/wp\/v2\/comments?post=1442"}],"version-history":[{"count":1,"href":"https:\/\/www.elegantepress.com\/lt\/wp-json\/wp\/v2\/pages\/1442\/revisions"}],"predecessor-version":[{"id":12253,"href":"https:\/\/www.elegantepress.com\/lt\/wp-json\/wp\/v2\/pages\/1442\/revisions\/12253"}],"wp:featuredmedia":[{"embeddable":true,"href":"https:\/\/www.elegantepress.com\/lt\/wp-json\/wp\/v2\/media\/4301"}],"wp:attachment":[{"href":"https:\/\/www.elegantepress.com\/lt\/wp-json\/wp\/v2\/media?parent=1442"}],"curies":[{"name":"wp","href":"https:\/\/api.w.org\/{rel}","templated":true}]}}