{"id":1437,"date":"2010-02-03T12:43:23","date_gmt":"2010-02-03T12:43:23","guid":{"rendered":"https:\/\/www.elegantepress.com\/lt\/?page_id=1437"},"modified":"2019-03-25T06:10:18","modified_gmt":"2019-03-25T06:10:18","slug":"kodel-elegante-press","status":"publish","type":"page","link":"https:\/\/www.elegantepress.com\/lt\/kodel-elegante-press\/","title":{"rendered":"Kod\u0117l Elegante Press"},"content":{"rendered":"<div class=\"wpb-content-wrapper\"><p>[vc_row][vc_column][vc_single_image source=&#8221;external_link&#8221; custom_src=&#8221;https:\/\/www.elegantepress.com\/wp-content\/uploads\/why\/why-elegante-press.jpg&#8221;][\/vc_column][\/vc_row][vc_row][vc_column width=&#8221;1\/2&#8243;][vc_column_text]<\/p>\r\n<h3>Mes esame profesionalai<\/h3>\r\n<p>Mes m\u0117gstame tai k\u0105 darome ir turime didel\u0119 patirt\u012f ne tik dizaine, bet ir spaudoje. Mes esame suk\u016br\u0119 daug s\u0117kming\u0173 firmini\u0173 stili\u0173 bei interneto puslapi\u0173. \u0160is, Elegante Press puslapis, taip pat sukurtas m\u016bs\u0173 pa\u010di\u0173! Ar jis Jums patinka?<\/p>\r\n<h3>Mes dirbame individualiai<\/h3>\r\n<p>WSu kiekvienu u\u017esakovu mes dirbame individualiai ir jo id\u0117jas i\u0161kart perkeliame ant eskizo. Mes stengiam\u0117s, kad kiekvienas m\u016bs\u0173 darbas b\u016bt\u0173 unikalus ir vienintelis, kad kiekvienas u\u017esakovas gal\u0117t\u0173 jaustis ypatingu.<\/p>\r\n<h3>\u00a0<\/h3>\r\n<p>[\/vc_column_text][\/vc_column][vc_column width=&#8221;1\/2&#8243;][vc_column_text]<\/p>\r\n<h3>Mes esame greiti<\/h3>\r\n<p>Tur\u0117kite omeny, jog letterpress, silkografija ir intaglio spaudos b\u016bdai yra seni bei laikui iml\u016bs procesai. Pasiruo\u0161imas \u0161iems spaudos darbams yra ilgas ir kruop\u0161tus darbas. Po spaudos kiekvienas m\u016bs\u0173 atspausdintas popieriaus lapelis yra patikrinamas atskirai, kad jame neb\u016bt\u0173 spaudos ar popieriaus defekt\u0173. J\u016bs gaunate tik pa\u010dius geriausius &#8211; rinktinius pavyzd\u017eius. Standartinis m\u016bs\u0173 u\u017esakymo vykdymo terminas yra 12 darbo dien\u0173. Taip pat galime pasi\u016blyti skubius: 7 darbo dien\u0173 ir 4 darbo dien\u0173 u\u017esakym\u0173 vykdymo terminus.<\/p>\r\n<h3>Mes esame ekologi\u0161ki<\/h3>\r\n<p>Mes naudojame 100% medviln\u0117s popieri\u0173 ir \u00a0aliejaus bei vandens pagrindu pagamintus da\u017eus.<\/p>\r\n<h3>\u00a0<\/h3>\r\n<p>[\/vc_column_text][\/vc_column][\/vc_row]<\/p><\/div>","protected":false},"excerpt":{"rendered":"[vc_row][vc_column][vc_single_image source=&#8221;external_link&#8221; custom_src=&#8221;https:\/\/www.elegantepress.com\/wp-content\/uploads\/why\/why-elegante-press.jpg&#8221;][\/vc_column][\/vc_row][vc_row][vc_column width=&#8221;1\/2&#8243;][vc_column_text] Mes esame profesionalai Mes m\u0117gstame tai k\u0105 darome ir turime didel\u0119 patirt\u012f ne tik dizaine, bet ir spaudoje. Mes esame suk\u016br\u0119 daug s\u0117kming\u0173 firmini\u0173 stili\u0173 bei interneto puslapi\u0173. \u0160is, Elegante Press puslapis, taip pat sukurtas m\u016bs\u0173 pa\u010di\u0173! Ar jis Jums patinka? Mes dirbame individualiai WSu kiekvienu u\u017esakovu mes dirbame individualiai ir&hellip;","protected":false},"author":1,"featured_media":4305,"parent":0,"menu_order":0,"comment_status":"closed","ping_status":"closed","template":"","meta":{"_acf_changed":false,"footnotes":""},"class_list":["post-1437","page","type-page","status-publish","has-post-thumbnail","hentry"],"acf":[],"_links":{"self":[{"href":"https:\/\/www.elegantepress.com\/lt\/wp-json\/wp\/v2\/pages\/1437","targetHints":{"allow":["GET"]}}],"collection":[{"href":"https:\/\/www.elegantepress.com\/lt\/wp-json\/wp\/v2\/pages"}],"about":[{"href":"https:\/\/www.elegantepress.com\/lt\/wp-json\/wp\/v2\/types\/page"}],"author":[{"embeddable":true,"href":"https:\/\/www.elegantepress.com\/lt\/wp-json\/wp\/v2\/users\/1"}],"replies":[{"embeddable":true,"href":"https:\/\/www.elegantepress.com\/lt\/wp-json\/wp\/v2\/comments?post=1437"}],"version-history":[{"count":0,"href":"https:\/\/www.elegantepress.com\/lt\/wp-json\/wp\/v2\/pages\/1437\/revisions"}],"wp:featuredmedia":[{"embeddable":true,"href":"https:\/\/www.elegantepress.com\/lt\/wp-json\/wp\/v2\/media\/4305"}],"wp:attachment":[{"href":"https:\/\/www.elegantepress.com\/lt\/wp-json\/wp\/v2\/media?parent=1437"}],"curies":[{"name":"wp","href":"https:\/\/api.w.org\/{rel}","templated":true}]}}