{"id":1401,"date":"2013-08-18T06:35:12","date_gmt":"2013-08-18T06:35:12","guid":{"rendered":"https:\/\/www.elegantepress.com\/lt\/?page_id=1401"},"modified":"2025-08-27T05:44:10","modified_gmt":"2025-08-27T05:44:10","slug":"pradzia","status":"publish","type":"page","link":"https:\/\/www.elegantepress.com\/lt\/","title":{"rendered":"Prad\u017eia"},"content":{"rendered":"<div class=\"wpb-content-wrapper\"><p>[vc_row full_width=&#8221;stretch_row_content_no_spaces&#8221;][vc_column][vc_raw_html]JTNDZGl2JTIwY2xhc3MlMjAlM0QlMjAlMjJ2aWRlby1jb250YWluZXIlMjIlMjBpZCUzRCUyMnZpZGVvLWNvbnRhaW5lciUyMiUzRSUwQSUzQ2RpdiUyMGlkJTNEJTIydmlkZW8tYWZ0ZXIlMjIlMjBzdHlsZSUzRCUyMndpZHRoJTNBJTIwMTAwJTI1JTNCJTIwaGVpZ2h0JTNBJTIwMTAwJTI1JTNCJTIwYmFja2dyb3VuZCUzQSUyMHJnYmElMjgyNTUlMkMlMjAyNTUlMkMlMjAyNTUlMkMlMjAwLjQ2JTI5JTNCJTIyJTNFJTNDJTJGZGl2JTNFJTNDJTJGZGl2JTNF[\/vc_raw_html][\/vc_column][\/vc_row][vc_row full_width=&#8221;stretch_row_content_no_spaces&#8221;][vc_column][vc_raw_js]JTNDc2NyaXB0JTIwaWQlM0QlMjJoZXJvJTIyJTIwdHlwZSUzRCUyMnRleHQlMkZqYXZhc2NyaXB0JTIyJTNFJTBBd2luZG93Lm9ubG9hZCUyMCUzRCUyMGFkZEF1dG9wbGF5JTI4JTI5JTNCJTBBZnVuY3Rpb24lMjBhZGRBdXRvcGxheSUyOCUyOSUyMCU3QiUwQSUyMCUyMHZhciUyMHZpZGVvTG9jYXRpb24lMjAlM0QlMjBkb2N1bWVudC5nZXRFbGVtZW50QnlJZCUyOCUyMnZpZGVvLWFmdGVyJTIyJTI5JTNCJTBBJTIwJTIwdmFyJTIwdmlkZW9Db250YWluZXIlMjAlM0QlMjBkb2N1bWVudC5nZXRFbGVtZW50QnlJZCUyOCUyMnZpZGVvLWNvbnRhaW5lciUyMiUyOSUzQiUwQSUyMCUyMGlmJTIwJTI4d2luZG93LmlubmVyV2lkdGglMjAlM0UlMjA5OTIlMjklMjAlN0IlMEElMjAlMjAlMjAlMjB2YXIlMjB2aWRlbyUyMCUzRCUyMGRvY3VtZW50LmNyZWF0ZUVsZW1lbnQlMjglMjd2aWRlbyUyNyUyOSUzQiUwQSUyMCUyMCUyMCUyMHZpZGVvLmlkJTNEJTIyaGVyby12aWRlbyUyMiUzQiUwQSUyMCUyMCUyMCUyMHZpZGVvLnBvc3RlciUzRCUyMmh0dHBzJTNBJTJGJTJGd3d3LmVsZWdhbnRlcHJlc3MuY29tJTJGd3AtY29udGVudCUyRnVwbG9hZHMlMkYyMDIxJTJGMTElMkZwb3N0ZXItbWZyaC1vcmlnaW5hbC1zY2FsZWQtMS53ZWJwJTIyJTNCJTBBJTIwJTIwJTIwJTIwdmlkZW8uc3JjJTIwJTNEJTIwJTIyaHR0cHMlM0ElMkYlMkZ3d3cuZWxlZ2FudGVwcmVzcy5jb20lMkZ3cC1jb250ZW50JTJGdXBsb2FkcyUyRjIwMjElMkYxMSUyRkVsZWdhbnRlX1ByZXNzX1N0dWRpb19WaWRlb19oZXJvLm1vdiUyMiUzQiUwQSUyMCUyMCUyMCUyMHZpZGVvLmF1dG9wbGF5JTIwJTNEJTIwdHJ1ZSUzQiUwQSUyMCUyMCUyMCUyMHZpZGVvLm11dGVkJTIwJTNEJTIwdHJ1ZSUzQiUwQSUyMCUyMCUyMCUyMHZpZGVvLmxvb3AlMjAlM0QlMjB0cnVlJTNCJTBBJTIwJTIwJTIwJTIwdmlkZW9Db250YWluZXIuaW5zZXJ0QmVmb3JlJTI4dmlkZW8lMkN2aWRlb0xvY2F0aW9uJTI5JTNCJTBBJTIwJTIwJTIwJTIwdmlkZW8ucGxheSUyOCUyOSUzQiUwQSUyMCUyMCU3RCUwQSU3RCUwQSUzQyUyRnNjcmlwdCUzRQ==[\/vc_raw_js][\/vc_column][\/vc_row][vc_row][vc_column][vc_custom_heading text=&#8221;Dizaino studija ir spaustuv\u0117 Kaune &#8211; Elegante Press&#8221; font_container=&#8221;tag:h1|text_align:left&#8221; use_theme_fonts=&#8221;yes&#8221; el_class=&#8221;vc_custom_heading&#8221;][vc_empty_space][\/vc_column][\/vc_row][vc_row][vc_column width=&#8221;1\/2&#8243;][vc_column_text css=&#8221;&#8221;]<\/p>\r\n<h3>Spausdiname, kad padaryti \u012fsp\u016bd\u012f!<\/h3>\r\n<p>Mes esame auk\u0161tosios spaudos spaustuv\u0117, spausdiname eleganti\u0161kus kvietimus, \u012fpatingai atrodan\u010dias vizitines korteles, atvirukus ir pristatymus. Tai darome sujung\u0119 modern\u0173 dizain\u0105 su tradicin\u0117mis spaudos technologijomis. Daug k\u0105 darome kitaip ne tod\u0117l, kad tiesiog b\u016btume kitokie, bet, kad su m\u016bs\u0173 gaminiais j\u016bs jaustum\u0117t\u0117s i\u0161skrtinai.<\/p>\r\n<p>[\/vc_column_text][\/vc_column][vc_column width=&#8221;1\/2&#8243;][vc_column_text]Viskas daroma rankomis, tod\u0117l darbas labai imlus laikui, d\u0117l to klientas gauna produkt\u0105 pripildyt\u0105 geros energijos. Mes dirbame kartu su klientu kol sukuriame ir atspausdiname unikal\u0173 gamin\u012f pabr\u0117\u017eiant\u012f jo individualum\u0105 ir elegancij\u0105. Kadangi esame ma\u017ea studija, tai leid\u017eia mums suteikti i\u0161skirtin\u012f asmenin\u012f d\u0117mes\u012f kiekvienam m\u016bs\u0173 klientui ir kiekvienam u\u017esakymui, tod\u0117l dauguma klient\u0173 tampa m\u016bs\u0173 draugais.[\/vc_column_text][\/vc_column][\/vc_row][vc_row][vc_column][vc_text_separator title=&#8221;PRODUKTAI&#8221; el_width=&#8221;70&#8243;][\/vc_column][\/vc_row][vc_row][vc_column width=&#8221;1\/4&#8243;][vc_single_image image=&#8221;5959&#8243; alignment=&#8221;center&#8221; onclick=&#8221;custom_link&#8221; css=&#8221;&#8221; link=&#8221;https:\/\/www.elegantepress.com\/lt\/vizitines-korteles\/&#8221;][vc_column_text]<\/p>\r\n<h2 style=\"text-align: center;\">VIZITIN\u0116S<br \/>\r\nKORTEL\u0116S<\/h2>\r\n<p style=\"text-align: center;\">Unikalios vizitin\u0117s kortel\u0117s yra patikimas partneris bet kokiame verslo susitikime, pad\u0117siantis sukurti solid\u0173 \u012fvaizd\u012f apie jus ir j\u016bs\u0173 versl\u0105.<\/p>\r\n<p>[\/vc_column_text][\/vc_column][vc_column width=&#8221;1\/4&#8243;][vc_single_image image=&#8221;8479&#8243; alignment=&#8221;center&#8221; onclick=&#8221;custom_link&#8221; link=&#8221;https:\/\/www.elegantepress.com\/lt\/kvietimai\/&#8221;][vc_column_text]<\/p>\r\n<h2 style=\"text-align: center;\">RENGINI\u0172<br \/>\r\nKVIETIMAI<\/h2>\r\n<p style=\"text-align: center;\">Nuostab\u016bs kvietimai atspausdinti ant medviln\u0117s popieriaus su \u012fspaudu ir blizgan\u010dia folija papuo\u0161 bet kuri\u0105 j\u016bs\u0173 \u0161vent\u0119.<\/p>\r\n<p>[\/vc_column_text][\/vc_column][vc_column width=&#8221;1\/4&#8243;][vc_single_image image=&#8221;11546&#8243; alignment=&#8221;center&#8221; onclick=&#8221;custom_link&#8221; link=&#8221;https:\/\/www.elegantepress.com\/lt\/pakuotes-etiketes\/&#8221;][vc_column_text]<\/p>\r\n<h2 style=\"text-align: center;\">ETIKET\u0116S IR PAKUOT\u0116S<\/h2>\r\n<p style=\"text-align: center;\">Tik ypatingai gera ir originali, i\u0161 kokybi\u0161k\u0173 med\u017eiag\u0173 pagaminta, pakuot\u0117 j\u016bs\u0173 produkt\u0105 pavers i\u0161siskirtiniu.<\/p>\r\n<p>[\/vc_column_text][\/vc_column][vc_column width=&#8221;1\/4&#8243;][vc_single_image image=&#8221;8492&#8243; alignment=&#8221;center&#8221; onclick=&#8221;custom_link&#8221; link=&#8221;https:\/\/www.elegantepress.com\/lt\/portfolio\/portfolio-category\/atvirutes\/&#8221;][vc_column_text]<\/p>\r\n<h2 style=\"text-align: center;\">S\u0116KMINGO VERSLO RA\u0160TINEI<\/h2>\r\n<p style=\"text-align: center;\">Nepriekai\u0161tinga verslo korespondencija, pad\u0117kos ra\u0161tai ar dovan\u0173 kuponai \u2013 neatsiejama solidaus verslo \u012fvaizd\u017eio dalis.<\/p>\r\n<p>[\/vc_column_text][\/vc_column][\/vc_row][vc_row css=&#8221;.vc_custom_1562836697006{margin-top: -20px !important;}&#8221;][vc_column][vc_empty_space height=&#8221;85px&#8221;][vc_text_separator title=&#8221;STRAIPSNIAI&#8221; el_width=&#8221;70&#8243; css=&#8221;&#8221;][\/vc_column][\/vc_row][vc_row][vc_column][lab_blog_posts hover_layer_icon=&#8221;static&#8221; blog_query=&#8221;size:3|order_by:date|post_type:post|by_id:13595,13526,3045&#8243;][\/vc_column][\/vc_row][vc_row css=&#8221;.vc_custom_1548573260701{background-color: rgba(193,218,215,0.3) !important;*background-color: rgb(193,218,215) !important;}&#8221;][vc_column width=&#8221;1\/3&#8243;][vc_column_text]<\/p>\r\n<h2><a title=\"Kod\u0117l Elegante Press\" href=\"https:\/\/www.elegantepress.com\/lt\/kodel-elegante-press\/\" rel=\"bookmark\">Kod\u0117l Elegante Press<\/a><\/h2>\r\n<p>Mes dirbame su kiekvienu u\u017esakovu individualiai, kad kuo tiksliau perteiktume jo id\u0117jas produktui. Mes stengiam\u0117s jog kiekvienas m\u016bs\u0173 produktas atrodyt\u0173 unikaliai, kad klientas gal\u0117t\u0173 jaustis tikrai <a title=\"Kod\u0117l Elegante Press\" href=\"https:\/\/www.elegantepress.com\/lt\/kodel-elegante-press\/\" rel=\"bookmark\">i\u0161skirtinai \u00bb<\/a>[\/vc_column_text][\/vc_column][vc_column width=&#8221;1\/3&#8243;][vc_column_text]<\/p>\r\n<h2><a title=\"Atsisi\u0173sk pavyzd\u012f\" href=\"https:\/\/www.elegantepress.com\/samples\/\" target=\"_blank\" rel=\"bookmark noopener noreferrer\">Atsisi\u0173sk pavyzd\u017eius<\/a><\/h2>\r\n<p>Jei nori susipa\u017einti su m\u016bs\u0173 darbo kokybe, arba tiesiog nor\u0117tum paliesti bei pajusti grynos medviln\u0117s popieriaus pavir\u0161iaus strukt\u016br\u0105 mes mielu noru i\u0161si\u0173sime tau\u00a0<a title=\"Order Samples\" href=\"https:\/\/www.elegantepress.com\/samples\/\" target=\"_blank\" rel=\"bookmark noopener noreferrer\">Spaudos pavyzd\u017eius \u00bb<\/a><\/p>\r\n<p>[\/vc_column_text][\/vc_column][vc_column width=&#8221;1\/3&#8243;][vc_column_text]<\/p>\r\n<h2><a title=\"Informacija dizaineriui\" href=\"https:\/\/www.elegantepress.com\/lt\/kaip-paruosti-dizaina-spaudai\/\" rel=\"bookmark\">Informacija dizaineriui<\/a><\/h2>\r\n<p>Mes labai m\u0117gstame dirbti su dizaineriais ir jei esi vienas i\u0161 j\u0173, bei nori mums atsi\u0173sti savo dizain\u0105, tur\u0117tum \u017einoti kaip tinkamai j\u012f paruo\u0161ti<br \/>\r\n<a title=\"Informacija dizaineriui\" href=\"https:\/\/www.elegantepress.com\/lt\/kaip-paruosti-dizaina-spaudai\/\" rel=\"bookmark\">m\u016bs\u0173 spaudai \u00bb<\/a>[\/vc_column_text][\/vc_column][\/vc_row][vc_row css=&#8221;.vc_custom_1562836697006{margin-top: -20px !important;}&#8221;][vc_column][vc_empty_space height=&#8221;85px&#8221;][vc_text_separator title=&#8221;Naujausi m\u016bs\u0173 darbai&#8221; el_width=&#8221;70&#8243;][lab_portfolio_items category_filter=&#8221;no&#8221; portfolio_type=&#8221;type-2&#8243; columns=&#8221;3&#8243; portfolio_query=&#8221;size:9|order_by:date|post_type:portfolio|tax_query:23,21,22,24&#8243;][\/vc_column][\/vc_row]<\/p><\/div>","protected":false},"excerpt":{"rendered":"[vc_row full_width=&#8221;stretch_row_content_no_spaces&#8221;][vc_column][vc_raw_html]JTNDZGl2JTIwY2xhc3MlMjAlM0QlMjAlMjJ2aWRlby1jb250YWluZXIlMjIlMjBpZCUzRCUyMnZpZGVvLWNvbnRhaW5lciUyMiUzRSUwQSUzQ2RpdiUyMGlkJTNEJTIydmlkZW8tYWZ0ZXIlMjIlMjBzdHlsZSUzRCUyMndpZHRoJTNBJTIwMTAwJTI1JTNCJTIwaGVpZ2h0JTNBJTIwMTAwJTI1JTNCJTIwYmFja2dyb3VuZCUzQSUyMHJnYmElMjgyNTUlMkMlMjAyNTUlMkMlMjAyNTUlMkMlMjAwLjQ2JTI5JTNCJTIyJTNFJTNDJTJGZGl2JTNFJTNDJTJGZGl2JTNF[\/vc_raw_html][\/vc_column][\/vc_row][vc_row full_width=&#8221;stretch_row_content_no_spaces&#8221;][vc_column][vc_raw_js]JTNDc2NyaXB0JTIwaWQlM0QlMjJoZXJvJTIyJTIwdHlwZSUzRCUyMnRleHQlMkZqYXZhc2NyaXB0JTIyJTNFJTBBd2luZG93Lm9ubG9hZCUyMCUzRCUyMGFkZEF1dG9wbGF5JTI4JTI5JTNCJTBBZnVuY3Rpb24lMjBhZGRBdXRvcGxheSUyOCUyOSUyMCU3QiUwQSUyMCUyMHZhciUyMHZpZGVvTG9jYXRpb24lMjAlM0QlMjBkb2N1bWVudC5nZXRFbGVtZW50QnlJZCUyOCUyMnZpZGVvLWFmdGVyJTIyJTI5JTNCJTBBJTIwJTIwdmFyJTIwdmlkZW9Db250YWluZXIlMjAlM0QlMjBkb2N1bWVudC5nZXRFbGVtZW50QnlJZCUyOCUyMnZpZGVvLWNvbnRhaW5lciUyMiUyOSUzQiUwQSUyMCUyMGlmJTIwJTI4d2luZG93LmlubmVyV2lkdGglMjAlM0UlMjA5OTIlMjklMjAlN0IlMEElMjAlMjAlMjAlMjB2YXIlMjB2aWRlbyUyMCUzRCUyMGRvY3VtZW50LmNyZWF0ZUVsZW1lbnQlMjglMjd2aWRlbyUyNyUyOSUzQiUwQSUyMCUyMCUyMCUyMHZpZGVvLmlkJTNEJTIyaGVyby12aWRlbyUyMiUzQiUwQSUyMCUyMCUyMCUyMHZpZGVvLnBvc3RlciUzRCUyMmh0dHBzJTNBJTJGJTJGd3d3LmVsZWdhbnRlcHJlc3MuY29tJTJGd3AtY29udGVudCUyRnVwbG9hZHMlMkYyMDIxJTJGMTElMkZwb3N0ZXItbWZyaC1vcmlnaW5hbC1zY2FsZWQtMS53ZWJwJTIyJTNCJTBBJTIwJTIwJTIwJTIwdmlkZW8uc3JjJTIwJTNEJTIwJTIyaHR0cHMlM0ElMkYlMkZ3d3cuZWxlZ2FudGVwcmVzcy5jb20lMkZ3cC1jb250ZW50JTJGdXBsb2FkcyUyRjIwMjElMkYxMSUyRkVsZWdhbnRlX1ByZXNzX1N0dWRpb19WaWRlb19oZXJvLm1vdiUyMiUzQiUwQSUyMCUyMCUyMCUyMHZpZGVvLmF1dG9wbGF5JTIwJTNEJTIwdHJ1ZSUzQiUwQSUyMCUyMCUyMCUyMHZpZGVvLm11dGVkJTIwJTNEJTIwdHJ1ZSUzQiUwQSUyMCUyMCUyMCUyMHZpZGVvLmxvb3AlMjAlM0QlMjB0cnVlJTNCJTBBJTIwJTIwJTIwJTIwdmlkZW9Db250YWluZXIuaW5zZXJ0QmVmb3JlJTI4dmlkZW8lMkN2aWRlb0xvY2F0aW9uJTI5JTNCJTBBJTIwJTIwJTIwJTIwdmlkZW8ucGxheSUyOCUyOSUzQiUwQSUyMCUyMCU3RCUwQSU3RCUwQSUzQyUyRnNjcmlwdCUzRQ==[\/vc_raw_js][\/vc_column][\/vc_row][vc_row][vc_column][vc_custom_heading text=&#8221;Dizaino studija ir spaustuv\u0117 Kaune &#8211; Elegante Press&#8221; font_container=&#8221;tag:h1|text_align:left&#8221; use_theme_fonts=&#8221;yes&#8221; el_class=&#8221;vc_custom_heading&#8221;][vc_empty_space][\/vc_column][\/vc_row][vc_row][vc_column width=&#8221;1\/2&#8243;][vc_column_text css=&#8221;&#8221;] Spausdiname, kad padaryti \u012fsp\u016bd\u012f! Mes esame auk\u0161tosios spaudos spaustuv\u0117, spausdiname eleganti\u0161kus kvietimus, \u012fpatingai atrodan\u010dias vizitines korteles, atvirukus ir pristatymus. Tai darome sujung\u0119 modern\u0173 dizain\u0105 su tradicin\u0117mis spaudos technologijomis. Daug k\u0105 darome kitaip ne tod\u0117l, kad tiesiog b\u016btume kitokie, bet,&hellip;","protected":false},"author":1,"featured_media":1744,"parent":0,"menu_order":0,"comment_status":"closed","ping_status":"closed","template":"","meta":{"_acf_changed":false,"footnotes":""},"class_list":["post-1401","page","type-page","status-publish","has-post-thumbnail","hentry"],"acf":[],"_links":{"self":[{"href":"https:\/\/www.elegantepress.com\/lt\/wp-json\/wp\/v2\/pages\/1401","targetHints":{"allow":["GET"]}}],"collection":[{"href":"https:\/\/www.elegantepress.com\/lt\/wp-json\/wp\/v2\/pages"}],"about":[{"href":"https:\/\/www.elegantepress.com\/lt\/wp-json\/wp\/v2\/types\/page"}],"author":[{"embeddable":true,"href":"https:\/\/www.elegantepress.com\/lt\/wp-json\/wp\/v2\/users\/1"}],"replies":[{"embeddable":true,"href":"https:\/\/www.elegantepress.com\/lt\/wp-json\/wp\/v2\/comments?post=1401"}],"version-history":[{"count":13,"href":"https:\/\/www.elegantepress.com\/lt\/wp-json\/wp\/v2\/pages\/1401\/revisions"}],"predecessor-version":[{"id":13684,"href":"https:\/\/www.elegantepress.com\/lt\/wp-json\/wp\/v2\/pages\/1401\/revisions\/13684"}],"wp:featuredmedia":[{"embeddable":true,"href":"https:\/\/www.elegantepress.com\/lt\/wp-json\/wp\/v2\/media\/1744"}],"wp:attachment":[{"href":"https:\/\/www.elegantepress.com\/lt\/wp-json\/wp\/v2\/media?parent=1401"}],"curies":[{"name":"wp","href":"https:\/\/api.w.org\/{rel}","templated":true}]}}