{"id":13398,"date":"2025-02-13T06:47:57","date_gmt":"2025-02-13T06:47:57","guid":{"rendered":"https:\/\/www.elegantepress.com\/?page_id=13398"},"modified":"2025-02-13T06:46:48","modified_gmt":"2025-02-13T06:46:48","slug":"spauda-apie-mus","status":"publish","type":"page","link":"https:\/\/www.elegantepress.com\/lt\/spauda-apie-mus\/","title":{"rendered":"Spauda apie mus"},"content":{"rendered":"<div class=\"wpb-content-wrapper\"><p>[vc_row css=&#8221;.vc_custom_1453217339571{padding-top: 50px !important;padding-bottom: 50px !important;}&#8221;][vc_column width=&#8221;2\/3&#8243;][vc_single_image image=&#8221;2411&#8243; img_size=&#8221;full&#8221; alignment=&#8221;center&#8221;][\/vc_column][vc_column width=&#8221;1\/3&#8243;][vc_single_image image=&#8221;2405&#8243; img_size=&#8221;full&#8221;][vc_column_text]PASSPORT\u00a0&#8211; reprezentacinis leidinys angl\u0173 kalba, skirtas pristatyti Lietuv\u0105 u\u017esienie\u010diams. B\u016bti jame \u0161alia tikrojo \u0161alies kult\u016bros, verslo, mokslo bei sporto elito, toki\u0173 pasauliniu mastu i\u0161kili\u0173 asmenybi\u0173 kaip Jonas Mekas, Valdas Adamkus, Stanley Bal\u017eekas, Birut\u0117 Galdikas, Dalia Ibelhauptait\u0117, Oskaras Kor\u0161unovas ir kit\u0173, yra be galo malonu. Tiesiog ne\u012ftik\u0117tina!<\/p>\r\n<p>Leidinys yra \u00a0nuostabaus dizaino, atspausdintas ant puikaus popieriaus tod\u0117l dar didesnis malonumas b\u016bti jame su savo mintimis ir \u012f\u017evalgomis apie m\u016bs\u0173 letterpress produktus bei verslo raid\u0105.[\/vc_column_text][\/vc_column][\/vc_row][vc_row css=&#8221;.vc_custom_1453217339571{padding-top: 50px !important;padding-bottom: 50px !important;}&#8221;][vc_column width=&#8221;2\/3&#8243;][vc_single_image image=&#8221;2417&#8243; img_size=&#8221;full&#8221; alignment=&#8221;center&#8221;][\/vc_column][vc_column width=&#8221;1\/3&#8243;][vc_single_image image=&#8221;2414&#8243; img_size=&#8221;full&#8221;][vc_column_text]Buvome maloniai nustebinti kai vien\u0105 dien\u0105 The Wall Street Journal zurnalist\u0117 Jemima Sissons para\u0161\u0117 mums teiraudamasi\u00a0ar negal\u0117tume atsakyti \u012f kelet\u0105 jos klausim\u0173, mes \u017einoma sutikome, bet ma\u017eai tik\u0117jom\u0117s jog publikacija pasieks dienos \u0161vies\u0105. Taciau per\u00a0Kal\u0117das b\u016bna stebukl\u0173 ir \u0161tai vien\u0105 dien\u0105 su\u017einojome jog apie mus ra\u0161o kal\u0117diniame The Wall Street Journal numeryje! Publikacija buvo ne tik apie m\u016bs\u0173 spaustuv\u0119, ji ap\u017evelg\u0117 vis\u0105 to meto tradicin\u0117s letterpress spaudos\u00a0renesans\u0105 Europoje. Tikrai malonu b\u016bti puikioje draugijoje, su kitomis senosios Europos letterpress spaustuv\u0117mis leidinyje, kur\u012f skaito milijonai. Internetin\u0119 publikacijos versij\u0105 galite paskaityti\u00a0The Wall Street Journal puslapyje.[\/vc_column_text][vc_btn title=&#8221;Nuoroda \u012f straipsn\u012f&#8221; style=&#8221;flat&#8221; color=&#8221;peacoc&#8221; align=&#8221;left&#8221; link=&#8221;url:http%3A%2F%2Fwww.wsj.com%2Farticles%2FSB10001424127887323353204578128353652395698||rel:nofollow||target:%20_blank|&#8221;][\/vc_column][\/vc_row][vc_row css=&#8221;.vc_custom_1453217339571{padding-top: 50px !important;padding-bottom: 50px !important;}&#8221;][vc_column width=&#8221;2\/3&#8243;][vc_single_image image=&#8221;2433&#8243; img_size=&#8221;full&#8221; alignment=&#8221;center&#8221;][\/vc_column][vc_column width=&#8221;1\/3&#8243;][vc_single_image image=&#8221;2436&#8243; img_size=&#8221;full&#8221;][vc_column_text]Mums teko garb\u0117 dirbti su puikiu angl\u0173 dizaineriu\u00a0<a href=\"http:\/\/richardcevans.com\/\" target=\"_blank\" rel=\"noopener\">Richard C. Evans<\/a>\u00a0ir sukurti tikrai <a href=\"https:\/\/www.elegantepress.com\/portfolio\/business-card-that-becomes-a-chair\/\" target=\"_blank\" rel=\"noopener\">ispuding\u0105 vizitin\u0119 kortel<\/a>\u0119, kuri\u0105 galima konvertuoti \u012f ma\u017e\u0105 fotel\u012f. \u0160i id\u0117ja nustebino daugel\u012f ir susilauk\u0117 nema\u017eo d\u0117mesio visame Pasaulyje. Apie \u0161\u012f m\u016bs\u0173 bendr\u0105 darb\u0105 para\u0161e vienas diziausi\u0173 dizaino naujien\u0173 portalas designboom. Ne\u012ftiketinai nuostabu vien\u0105 ryta pasitikrinti savo Google Analytics paskyr\u0105 ir pasitrynus akis pamatyti, jog praeitos dienos\u00a0puslapio lankytoj\u0173 skai\u010dius i\u0161augo 200 kart\u0173, o atsipeik\u0117jus\u00a0susivokti, jog tai nebuvo klaida\u00a0&#8211; apie tave tiesiog ra\u0161\u0117\u00a0vienas\u00a0\u00a0\u012ftakingiausi\u0173\u00a0dizaino leidini\u0173.[\/vc_column_text][\/vc_column][\/vc_row][vc_row css=&#8221;.vc_custom_1453217339571{padding-top: 50px !important;padding-bottom: 50px !important;}&#8221;][vc_column width=&#8221;2\/3&#8243;][vc_single_image image=&#8221;2451&#8243; img_size=&#8221;full&#8221; alignment=&#8221;center&#8221;][\/vc_column][vc_column width=&#8221;1\/3&#8243;][vc_custom_heading text=&#8221;Handmade Packaging Workshop Book&#8221; font_container=&#8221;tag:h2|font_size:36|text_align:left|color:%23515151|line_height:1.2&#8243; google_fonts=&#8221;font_family:Istok%20Web%3Aregular%2Citalic%2C700%2C700italic|font_style:700%20bold%20regular%3A700%3Anormal&#8221;][vc_column_text]Mums labai malonu, kad m\u016bs\u0173 sukurta ir pagaminta\u00a0<a href=\"https:\/\/www.elegantepress.com\/lt\/portfolio\/letterpress-cd-pakuote\/\">Letterpress CD pakuot\u0117<\/a>\u00a0patrauk\u0117\u00a0&#8220;Handmade Packaging Workshop Book&#8221; knygos autor\u0117s\u00a0Rachel Wiles (dizainer\u0117s ir\u00a0<a href=\"https:\/\/www.thedieline.com\" target=\"_blank\" rel=\"noopener\">TheDieline<\/a>\u00a0blogo straipsni\u0173 autor\u0117s) d\u0117mes\u012f. Mes labai did\u017eiuojames b\u016bdami \u0161ioje knygoje drauge su kitais pasaulio dizaineriais ir\u00a0pakuo\u010di\u0173 gamintojais.[\/vc_column_text][\/vc_column][\/vc_row]<\/p><\/div>","protected":false},"excerpt":{"rendered":"[vc_row css=&#8221;.vc_custom_1453217339571{padding-top: 50px !important;padding-bottom: 50px !important;}&#8221;][vc_column width=&#8221;2\/3&#8243;][vc_single_image image=&#8221;2411&#8243; img_size=&#8221;full&#8221; alignment=&#8221;center&#8221;][\/vc_column][vc_column width=&#8221;1\/3&#8243;][vc_single_image image=&#8221;2405&#8243; img_size=&#8221;full&#8221;][vc_column_text]PASSPORT\u00a0&#8211; reprezentacinis leidinys angl\u0173 kalba, skirtas pristatyti Lietuv\u0105 u\u017esienie\u010diams. B\u016bti jame \u0161alia tikrojo \u0161alies kult\u016bros, verslo, mokslo bei sporto elito, toki\u0173 pasauliniu mastu i\u0161kili\u0173 asmenybi\u0173 kaip Jonas Mekas, Valdas Adamkus, Stanley Bal\u017eekas, Birut\u0117 Galdikas, Dalia Ibelhauptait\u0117, Oskaras Kor\u0161unovas ir kit\u0173, yra be galo&hellip;","protected":false},"author":1,"featured_media":2448,"parent":0,"menu_order":0,"comment_status":"closed","ping_status":"closed","template":"","meta":{"_acf_changed":false,"footnotes":""},"class_list":["post-13398","page","type-page","status-publish","has-post-thumbnail","hentry"],"acf":[],"_links":{"self":[{"href":"https:\/\/www.elegantepress.com\/lt\/wp-json\/wp\/v2\/pages\/13398","targetHints":{"allow":["GET"]}}],"collection":[{"href":"https:\/\/www.elegantepress.com\/lt\/wp-json\/wp\/v2\/pages"}],"about":[{"href":"https:\/\/www.elegantepress.com\/lt\/wp-json\/wp\/v2\/types\/page"}],"author":[{"embeddable":true,"href":"https:\/\/www.elegantepress.com\/lt\/wp-json\/wp\/v2\/users\/1"}],"replies":[{"embeddable":true,"href":"https:\/\/www.elegantepress.com\/lt\/wp-json\/wp\/v2\/comments?post=13398"}],"version-history":[{"count":4,"href":"https:\/\/www.elegantepress.com\/lt\/wp-json\/wp\/v2\/pages\/13398\/revisions"}],"predecessor-version":[{"id":13402,"href":"https:\/\/www.elegantepress.com\/lt\/wp-json\/wp\/v2\/pages\/13398\/revisions\/13402"}],"wp:featuredmedia":[{"embeddable":true,"href":"https:\/\/www.elegantepress.com\/lt\/wp-json\/wp\/v2\/media\/2448"}],"wp:attachment":[{"href":"https:\/\/www.elegantepress.com\/lt\/wp-json\/wp\/v2\/media?parent=13398"}],"curies":[{"name":"wp","href":"https:\/\/api.w.org\/{rel}","templated":true}]}}